{"id":189,"date":"2024-03-19T10:15:03","date_gmt":"2024-03-19T10:15:03","guid":{"rendered":"https:\/\/coaching-boutique.de\/willkommen\/?page_id=189"},"modified":"2024-04-01T18:09:31","modified_gmt":"2024-04-01T18:09:31","slug":"linc-personality-profiler","status":"publish","type":"page","link":"https:\/\/coaching-boutique.de\/willkommen\/linc-personality-profiler\/","title":{"rendered":"Linc Personality Profiler"},"content":{"rendered":"\n<div style=\"height:31px\" aria-hidden=\"true\" class=\"wp-block-spacer\"><\/div>\n\n\n\n<p>Ziel des Linc Personality Profiler (LPP) ist es, die Pers\u00f6nlichkeitsstruktur ganzheitlich und differenziert zu erfassen und anschaulich zu visualisieren. Ausgangspunkt ist ein Onlinefragebogen, der das BIG 5-Pers\u00f6nlichkeitsmodell zeitgem\u00e4\u00df, praxistauglich und anwenderfreundlich \u00fcbersetzt. <\/p>\n\n\n\n<p>Die Ergebnisse werden in einem digitalen Ergebnisreport zusammengefasst. Dieser Report setzt sich aus drei Bausteinen zusammen:<\/p>\n\n\n\n<div style=\"height:30px\" aria-hidden=\"true\" class=\"wp-block-spacer\"><\/div>\n\n\n\n<div class=\"wp-block-columns is-layout-flex wp-container-core-columns-layout-1 wp-block-columns-is-layout-flex\">\n<div class=\"wp-block-column is-layout-flow wp-block-column-is-layout-flow\">\n<h3 class=\"wp-block-heading\">Charakter (Big 5)<\/h3>\n\n\n\n<p>Wie verhalte ich mich? <\/p>\n<\/div>\n\n\n\n<div class=\"wp-block-column is-layout-flow wp-block-column-is-layout-flow\">\n<h3 class=\"wp-block-heading\">Motive<\/h3>\n\n\n\n<p>Was treibt mich an? <\/p>\n<\/div>\n\n\n\n<div class=\"wp-block-column is-layout-flow wp-block-column-is-layout-flow\">\n<h3 class=\"wp-block-heading\">Kompetenzen<\/h3>\n\n\n\n<p>Was kann ich besonders gut?<\/p>\n<\/div>\n<\/div>\n\n\n\n<div style=\"height:35px\" aria-hidden=\"true\" class=\"wp-block-spacer\"><\/div>\n\n\n\n<p class=\"has-small-font-size\">Screenshots aus einem Beispielreport:<\/p>\n\n\n\n<div class=\"wp-block-group alignwide has-black-background-color has-background is-horizontal is-content-justification-left is-layout-flex wp-container-core-group-layout-1 wp-block-group-is-layout-flex\">\n<figure class=\"wp-block-image size-medium\"><img fetchpriority=\"high\" decoding=\"async\" width=\"212\" height=\"300\" src=\"https:\/\/coaching-boutique.de\/wp-content\/uploads\/2024\/03\/lpp_beispielreport_screenshot1-212x300.png\" alt=\"\" class=\"wp-image-206\" srcset=\"https:\/\/coaching-boutique.de\/wp-content\/uploads\/2024\/03\/lpp_beispielreport_screenshot1-212x300.png 212w, https:\/\/coaching-boutique.de\/wp-content\/uploads\/2024\/03\/lpp_beispielreport_screenshot1.png 635w\" sizes=\"(max-width: 212px) 100vw, 212px\" \/><\/figure>\n\n\n\n<figure class=\"wp-block-image size-medium\"><img decoding=\"async\" width=\"207\" height=\"300\" src=\"https:\/\/coaching-boutique.de\/wp-content\/uploads\/2024\/03\/lpp_beispielreport_screenshot2-207x300.png\" alt=\"\" class=\"wp-image-207\" srcset=\"https:\/\/coaching-boutique.de\/wp-content\/uploads\/2024\/03\/lpp_beispielreport_screenshot2-207x300.png 207w, https:\/\/coaching-boutique.de\/wp-content\/uploads\/2024\/03\/lpp_beispielreport_screenshot2.png 621w\" sizes=\"(max-width: 207px) 100vw, 207px\" \/><\/figure>\n\n\n\n<figure class=\"wp-block-image size-medium\"><img decoding=\"async\" width=\"209\" height=\"300\" src=\"https:\/\/coaching-boutique.de\/wp-content\/uploads\/2024\/03\/lpp_beispielreport_screenshot3-209x300.png\" alt=\"\" class=\"wp-image-208\" srcset=\"https:\/\/coaching-boutique.de\/wp-content\/uploads\/2024\/03\/lpp_beispielreport_screenshot3-209x300.png 209w, https:\/\/coaching-boutique.de\/wp-content\/uploads\/2024\/03\/lpp_beispielreport_screenshot3.png 623w\" sizes=\"(max-width: 209px) 100vw, 209px\" \/><\/figure>\n\n\n\n<figure class=\"wp-block-image size-medium\"><img loading=\"lazy\" decoding=\"async\" width=\"209\" height=\"300\" src=\"https:\/\/coaching-boutique.de\/wp-content\/uploads\/2024\/03\/lpp_beispielreport_screenshot5-209x300.png\" alt=\"\" class=\"wp-image-218\" srcset=\"https:\/\/coaching-boutique.de\/wp-content\/uploads\/2024\/03\/lpp_beispielreport_screenshot5-209x300.png 209w, https:\/\/coaching-boutique.de\/wp-content\/uploads\/2024\/03\/lpp_beispielreport_screenshot5.png 623w\" sizes=\"(max-width: 209px) 100vw, 209px\" \/><\/figure>\n\n\n\n<figure class=\"wp-block-image size-medium\"><img loading=\"lazy\" decoding=\"async\" width=\"212\" height=\"300\" src=\"https:\/\/coaching-boutique.de\/wp-content\/uploads\/2024\/03\/lpp_beispielreport_screenshot4-212x300.png\" alt=\"\" class=\"wp-image-220\" srcset=\"https:\/\/coaching-boutique.de\/wp-content\/uploads\/2024\/03\/lpp_beispielreport_screenshot4-212x300.png 212w, https:\/\/coaching-boutique.de\/wp-content\/uploads\/2024\/03\/lpp_beispielreport_screenshot4.png 618w\" sizes=\"(max-width: 212px) 100vw, 212px\" \/><\/figure>\n<\/div>\n\n\n\n<div style=\"height:35px\" aria-hidden=\"true\" class=\"wp-block-spacer\"><\/div>\n\n\n\n<p class=\"has-white-color has-text-color has-link-color wp-elements-8ac5daee81cafb3dfa6573422181bca8\">Detaillierte Informationen zum Tool sowie zur Konstruktvalidit\u00e4t und Skalenreliabilit\u00e4t des Fragebogens findest du hier: <a href=\"https:\/\/linc.de\/lpp-persoenlichkeitstest-bigfive\/\" target=\"_blank\" rel=\"noreferrer noopener\">https:\/\/linc.de\/lpp-persoenlichkeitstest-bigfive\/  <\/a> <\/p>\n\n\n\n<div style=\"height:35px\" aria-hidden=\"true\" class=\"wp-block-spacer\"><\/div>\n\n\n\n<div class=\"wp-block-buttons is-content-justification-center is-layout-flex wp-container-core-buttons-layout-1 wp-block-buttons-is-layout-flex\">\n<div class=\"wp-block-button\"><a class=\"wp-block-button__link wp-element-button\" href=\"https:\/\/coaching-boutique.de\/willkommen\/buchung\/\" style=\"border-radius:15px\">Termin buchen<\/a><\/div>\n<\/div>\n\n\n\n<div style=\"height:35px\" aria-hidden=\"true\" class=\"wp-block-spacer\"><\/div>\n","protected":false},"excerpt":{"rendered":"<p>Ziel des Linc Personality Profiler (LPP) ist es, die Pers\u00f6nlichkeitsstruktur ganzheitlich und differenziert zu erfassen und anschaulich zu visualisieren. Ausgangspunkt ist ein Onlinefragebogen, der das BIG 5-Pers\u00f6nlichkeitsmodell zeitgem\u00e4\u00df, praxistauglich und anwenderfreundlich \u00fcbersetzt. Die Ergebnisse werden in einem digitalen Ergebnisreport zusammengefasst. Dieser Report setzt sich aus drei Bausteinen zusammen: Charakter (Big 5) Wie verhalte ich mich? [&hellip;]<\/p>\n","protected":false},"author":1,"featured_media":0,"parent":0,"menu_order":0,"comment_status":"closed","ping_status":"closed","template":"","meta":{"footnotes":""},"_links":{"self":[{"href":"https:\/\/coaching-boutique.de\/willkommen\/wp-json\/wp\/v2\/pages\/189"}],"collection":[{"href":"https:\/\/coaching-boutique.de\/willkommen\/wp-json\/wp\/v2\/pages"}],"about":[{"href":"https:\/\/coaching-boutique.de\/willkommen\/wp-json\/wp\/v2\/types\/page"}],"author":[{"embeddable":true,"href":"https:\/\/coaching-boutique.de\/willkommen\/wp-json\/wp\/v2\/users\/1"}],"replies":[{"embeddable":true,"href":"https:\/\/coaching-boutique.de\/willkommen\/wp-json\/wp\/v2\/comments?post=189"}],"version-history":[{"count":14,"href":"https:\/\/coaching-boutique.de\/willkommen\/wp-json\/wp\/v2\/pages\/189\/revisions"}],"predecessor-version":[{"id":236,"href":"https:\/\/coaching-boutique.de\/willkommen\/wp-json\/wp\/v2\/pages\/189\/revisions\/236"}],"wp:attachment":[{"href":"https:\/\/coaching-boutique.de\/willkommen\/wp-json\/wp\/v2\/media?parent=189"}],"curies":[{"name":"wp","href":"https:\/\/api.w.org\/{rel}","templated":true}]}}