{"id":3,"date":"2024-03-06T16:02:11","date_gmt":"2024-03-06T16:02:11","guid":{"rendered":"http:\/\/coaching-boutique.de\/?page_id=3"},"modified":"2024-03-06T16:24:40","modified_gmt":"2024-03-06T16:24:40","slug":"privacy-policy","status":"publish","type":"page","link":"https:\/\/coaching-boutique.de\/willkommen\/privacy-policy\/","title":{"rendered":"Datenschutzerkl\u00e4rung"},"content":{"rendered":"\n<p class=\"has-small-font-size\"><strong>1. Name und Kontaktdaten des f\u00fcr die Verarbeitung Verantwortlichen<\/strong><br>Verantwortlicher:&nbsp;NB | Coaching, Niklas Berend, T\u00fcbinger Stra\u00dfe 8, 10715 Berlin, 0170 \u2013 9250781, anliegen@niklas-berend.de  <\/p>\n\n\n\n<p class=\"has-small-font-size\"><strong>2. Verarbeitung personenbezogener Daten sowie Art und Zweck von deren Verwendung<\/strong><br>Beim Besuch der Website<br>Beim Aufrufen meiner Website werden durch den auf Ihrem Endger\u00e4t zum Einsatz kommenden Browser automatisch Informationen an den Server meiner Website gesendet. Diese Informationen werden tempor\u00e4r in einem sog. Logfile gespeichert. Folgende Informationen werden dabei ohne Ihr Zutun erfasst und bis zur automatisierten L\u00f6schung gespeichert:<\/p>\n\n\n\n<ul class=\"has-small-font-size\"><li>Website, von der aus der Zugriff erfolgt (Referrer-URL),<\/li><li>verwendeter Browser und ggf. das Betriebssystem Ihres Rechners sowie der Name Ihres Access-Providers.<\/li><li>IP-Adresse des anfragenden Rechners,<\/li><li>Datum und Uhrzeit des Zugriffs, Zugriffsstatus\/HTTP-Statuscode,<\/li><li>Name und URL der abgerufenen Datei,<\/li><li>Inhalt der Anforderung (konkrete Seite),<\/li><\/ul>\n\n\n\n<p class=\"has-small-font-size\">Die genannten Daten werden zu folgenden Zwecken verarbeitet:<\/p>\n\n\n\n<ul class=\"has-small-font-size\"><li>Gew\u00e4hrleistung einer komfortablen Nutzung unserer Website,<\/li><li>Gew\u00e4hrleistung eines reibungslosen Verbindungsaufbaus der Website,<\/li><li>Auswertung und Gew\u00e4hrleistung der Systemsicherheit und -stabilit\u00e4t sowie<\/li><li>zu weiteren administrativen Zwecken.<\/li><\/ul>\n\n\n\n<p class=\"has-small-font-size\">Die Rechtsgrundlage f\u00fcr die Datenverarbeitung ist Art. 6 Abs. 1 S. 1 lit. f DSGVO. Mein berechtigtes Interesse folgt aus oben aufgelisteten Zwecken zur Datenerhebung. In keinem Fall verwende ich die erhobenen Daten zu dem Zweck, R\u00fcckschl\u00fcsse auf Ihre Person zu ziehen.<br>Dar\u00fcber hinaus setze ich beim Besuch meiner Website Cookies sowie Analysedienste ein. N\u00e4here Erl\u00e4uterungen dazu erhalten Sie unter den Ziff. 4 und 5 dieser Datenschutzerkl\u00e4rung.<\/p>\n\n\n\n<p class=\"has-small-font-size\"><strong>3. Weitergabe von Daten<\/strong><br>a) Eine \u00dcbermittlung Ihrer pers\u00f6nlichen Daten an Dritte zu anderen als den im Folgenden aufgef\u00fchrten Zwecken findet nicht statt.<br>Ich gebe Ihre pers\u00f6nlichen Daten nur an Dritte weiter, wenn:<\/p>\n\n\n\n<ul class=\"has-small-font-size\"><li>die Weitergabe nach Art. 6 Abs. 1 S. 1 lit. f DSGVO zur Geltendmachung, Aus\u00fcbung oder Verteidigung von Rechtsanspr\u00fcchen erforderlich ist und kein Grund zur Annahme besteht, dass Sie ein \u00fcberwiegendes schutzw\u00fcrdiges Interesse an der Nichtweitergabe Ihrer Daten haben,<\/li><li>Sie Ihre nach Art. 6 Abs. 1 S. 1 lit. a DSGVO ausdr\u00fcckliche Einwilligung dazu erteilt haben,<\/li><li>f\u00fcr den Fall, dass f\u00fcr die Weitergabe nach Art. 6 Abs. 1 S. 1 lit. c DSGVO eine gesetzliche Verpflichtung besteht, sowie<\/li><li>dies gesetzlich zul\u00e4ssig und nach Art. 6 Abs. 1 S. 1 lit. b DSGVO f\u00fcr die Abwicklung von Vertragsverh\u00e4ltnissen mit Ihnen erforderlich ist.<\/li><\/ul>\n\n\n\n<p class=\"has-small-font-size\">b) Weitergabe von Daten in Nicht-EWR L\u00e4nder<br>Ich \u00fcbermittele grunds\u00e4tzlich keine personenbezogenen Daten in Nicht-EWR- L\u00e4nder.&nbsp;Die von mir genutzten Server befinden sich innerhalb der Europ\u00e4ischen Union. In den F\u00e4llen, in denen personenbezogene Daten an L\u00e4nder \u00fcbertragen werden, die nicht das gleiche Schutzniveau wie innerhalb der Europ\u00e4ischen Union bieten und Sie der \u00dcbertragung Ihrer Daten in diese L\u00e4nder nicht ausdr\u00fccklich zugestimmt haben, stelle ich sicher, dass bestimmte vertragliche Verpflichtungen gem\u00e4\u00df dem geltenden Datenschutzrecht (einschlie\u00dflich der Ausf\u00fchrung der von der Europ\u00e4ischen Kommission genehmigten Standardvertragsklauseln) mit jedem Dienstanbieter vereinbart werden, sofern ich mich nicht auf andere rechtliche Grundlagen f\u00fcr die \u00dcbermittlung personenbezogener Daten berufen kann.<\/p>\n\n\n\n<p class=\"has-small-font-size\"><strong>4. Cookies<\/strong><br>Ich setze auf meiner Seite Cookies ein. Hierbei handelt es sich um kleine Dateien, die Ihr Browser automatisch erstellt und die auf Ihrem Endger\u00e4t (Laptop, Tablet, Smartphone o.\u00e4.) gespeichert werden, wenn Sie unsere Seite besuchen. Cookies richten auf Ihrem Endger\u00e4t keinen Schaden an, enthalten keine Viren, Trojaner oder sonstige Schadsoftware.<\/p>\n\n\n\n<p class=\"has-small-font-size\">In dem Cookie werden Informationen abgelegt, die sich jeweils im Zusammenhang mit dem spezifisch eingesetzten Endger\u00e4t ergeben. Dies bedeutet jedoch nicht, dass ich dadurch unmittelbar Kenntnis von Ihrer Identit\u00e4t erhalte.<\/p>\n\n\n\n<p class=\"has-small-font-size\">Der Einsatz von Cookies dient einerseits dazu, die Nutzung meines Angebots f\u00fcr Sie angenehmer zu gestalten. So setze ich sogenannte Session-Cookies ein, um zu erkennen, dass Sie einzelne Seiten unserer Website bereits besucht haben. Diese werden nach Verlassen unserer Seite automatisch gel\u00f6scht.<\/p>\n\n\n\n<p class=\"has-small-font-size\">Dar\u00fcber hinaus setze ich ebenfalls zur Optimierung der Benutzerfreundlichkeit tempor\u00e4re Cookies ein, die f\u00fcr einen bestimmten festgelegten Zeitraum auf Ihrem Endger\u00e4t gespeichert werden. Besuchen Sie meine Seite erneut, um unsere Dienste in Anspruch zu nehmen, wird automatisch erkannt, dass Sie meine Seite schon einmal besucht haben und welche Eingaben und Einstellungen sie get\u00e4tigt haben, um diese nicht noch einmal eingeben zu m\u00fcssen.<\/p>\n\n\n\n<p class=\"has-small-font-size\">Zum anderen setze ich Cookies ein, um die Nutzung meiner Website statistisch zu erfassen und zum Zwecke der Optimierung meiner Angebot f\u00fcr Sie auszuwerten (siehe Ziff. 5). Diese Cookies erm\u00f6glichen es mir, bei einem erneuten Besuch unserer Seite automatisch zu erkennen, dass Sie bereits auf meiner Seite waren. Diese Cookies werden nach einer jeweils definierten Zeit automatisch gel\u00f6scht.<br><br>Die durch Cookies verarbeiteten Daten sind f\u00fcr die genannten Zwecke zur Wahrung meiner berechtigten Interessen sowie der Dritter nach Art. 6 Abs. 1 S. 1 lit. f DSGVO erforderlich.<br><br>Die meisten Browser akzeptieren Cookies automatisch. Sie k\u00f6nnen Ihren Browser jedoch so konfigurieren, dass keine Cookies auf Ihrem Computer gespeichert werden oder stets ein Hinweis erscheint, bevor ein neuer Cookie angelegt wird. Die vollst\u00e4ndige Deaktivierung von Cookies kann jedoch dazu f\u00fchren, dass Sie nicht alle Funktionen unserer Website nutzen k\u00f6nnen.<\/p>\n\n\n\n<p class=\"has-small-font-size\"><strong>5. Betroffenenrechte<\/strong><br>Sie haben das Recht:<\/p>\n\n\n\n<ul class=\"has-small-font-size\"><li>gem\u00e4\u00df Art. 7 Abs. 3 DSGVO Ihre einmal erteilte Einwilligung jederzeit gegen\u00fcber mir zu widerrufen. Dies hat zur Folge, dass ich die Datenverarbeitung, die auf dieser Einwilligung beruhte, f\u00fcr die Zukunft nicht mehr fortf\u00fchren darf;<\/li><li>gem\u00e4\u00df Art. 15 DSGVO Auskunft \u00fcber Ihre von mir verarbeiteten personenbezogenen Daten zu verlangen. Insbesondere k\u00f6nnen Sie Auskunft \u00fcber die Verarbeitungszwecke, die Kategorie der personenbezogenen Daten, die Kategorien von Empf\u00e4ngern, gegen\u00fcber denen Ihre Daten offengelegt wurden oder werden, die geplante Speicherdauer, das Bestehen eines Rechts auf Berichtigung, L\u00f6schung, Einschr\u00e4nkung der Verarbeitung oder Widerspruch, das Bestehen eines Beschwerderechts, die Herkunft ihrer Daten, sofern diese nicht bei mir erhoben wurden, sowie \u00fcber das Bestehen einer automatisierten Entscheidungsfindung einschlie\u00dflich Profiling und ggf. aussagekr\u00e4ftigen Informationen zu deren Einzelheiten verlangen;<\/li><li>gem\u00e4\u00df Art. 16 DSGVO unverz\u00fcglich die Berichtigung unrichtiger oder Vervollst\u00e4ndigung Ihrer bei mir gespeicherten personenbezogenen Daten zu verlangen;<\/li><li>gem\u00e4\u00df Art. 17 DSGVO die L\u00f6schung Ihrer bei mir gespeicherten personenbezogenen Daten zu verlangen, soweit nicht die Verarbeitung zur Aus\u00fcbung des Rechts auf freie Meinungs\u00e4u\u00dferung und Information, zur Erf\u00fcllung einer rechtlichen Verpflichtung, aus Gr\u00fcnden des \u00f6ffentlichen Interesses oder zur Geltendmachung, Aus\u00fcbung oder Verteidigung von Rechtsanspr\u00fcchen erforderlich ist;<\/li><li>gem\u00e4\u00df Art. 18 DSGVO die Einschr\u00e4nkung der Verarbeitung Ihrer personenbezogenen Daten zu verlangen, soweit die Richtigkeit der Daten von Ihnen bestritten wird, die Verarbeitung unrechtm\u00e4\u00dfig ist, Sie aber deren L\u00f6schung ablehnen und ich die Daten nicht mehr ben\u00f6tige, Sie jedoch diese zur Geltendmachung, Aus\u00fcbung oder Verteidigung von Rechtsanspr\u00fcchen ben\u00f6tigen oder Sie gem\u00e4\u00df Art. 21 DSGVO Widerspruch gegen die Verarbeitung eingelegt haben;<\/li><li>gem\u00e4\u00df Art. 20 DSGVO Ihre personenbezogenen Daten, die Sie mir bereitgestellt haben, in einem strukturierten, g\u00e4ngigen und maschinenlesebaren Format zu erhalten oder die \u00dcbermittlung an einen anderen Verantwortlichen zu verlangen und<\/li><li>gem\u00e4\u00df Art. 77 DSGVO sich bei einer Aufsichtsbeh\u00f6rde zu beschweren. In der Regel k\u00f6nnen Sie sich hierf\u00fcr an die Aufsichtsbeh\u00f6rde Ihres \u00fcblichen Aufenthaltsortes oder Arbeitsplatzes wenden.<\/li><\/ul>\n\n\n\n<p class=\"has-small-font-size\"><strong>6. Widerspruchsrecht<\/strong><br>Sofern Ihre personenbezogenen Daten auf Grundlage von berechtigten Interessen gem\u00e4\u00df Art. 6 Abs. 1 S. 1 lit. f DSGVO verarbeitet werden, haben Sie das Recht, gem\u00e4\u00df Art. 21 DSGVO Widerspruch gegen die Verarbeitung Ihrer personenbezogenen Daten einzulegen, soweit daf\u00fcr Gr\u00fcnde vorliegen, die sich aus Ihrer besonderen Situation ergeben oder sich der Widerspruch gegen Direktwerbung richtet. Im letzteren Fall haben Sie ein generelles Widerspruchsrecht, das ohne Angabe einer besonderen Situation von mir umgesetzt wird.<\/p>\n\n\n\n<p class=\"has-small-font-size\">M\u00f6chten Sie von Ihrem Widerrufs- oder Widerspruchsrecht Gebrauch machen, gen\u00fcgt eine E-Mail an anliegen@niklas-berend.de.<\/p>\n","protected":false},"excerpt":{"rendered":"<p>1. Name und Kontaktdaten des f\u00fcr die Verarbeitung VerantwortlichenVerantwortlicher:&nbsp;NB | Coaching, Niklas Berend, T\u00fcbinger Stra\u00dfe 8, 10715 Berlin, 0170 \u2013 9250781, anliegen@niklas-berend.de 2. Verarbeitung personenbezogener Daten sowie Art und Zweck von deren VerwendungBeim Besuch der WebsiteBeim Aufrufen meiner Website werden durch den auf Ihrem Endger\u00e4t zum Einsatz kommenden Browser automatisch Informationen an den Server meiner [&hellip;]<\/p>\n","protected":false},"author":1,"featured_media":0,"parent":0,"menu_order":0,"comment_status":"closed","ping_status":"open","template":"","meta":{"footnotes":""},"_links":{"self":[{"href":"https:\/\/coaching-boutique.de\/willkommen\/wp-json\/wp\/v2\/pages\/3"}],"collection":[{"href":"https:\/\/coaching-boutique.de\/willkommen\/wp-json\/wp\/v2\/pages"}],"about":[{"href":"https:\/\/coaching-boutique.de\/willkommen\/wp-json\/wp\/v2\/types\/page"}],"author":[{"embeddable":true,"href":"https:\/\/coaching-boutique.de\/willkommen\/wp-json\/wp\/v2\/users\/1"}],"replies":[{"embeddable":true,"href":"https:\/\/coaching-boutique.de\/willkommen\/wp-json\/wp\/v2\/comments?post=3"}],"version-history":[{"count":1,"href":"https:\/\/coaching-boutique.de\/willkommen\/wp-json\/wp\/v2\/pages\/3\/revisions"}],"predecessor-version":[{"id":29,"href":"https:\/\/coaching-boutique.de\/willkommen\/wp-json\/wp\/v2\/pages\/3\/revisions\/29"}],"wp:attachment":[{"href":"https:\/\/coaching-boutique.de\/willkommen\/wp-json\/wp\/v2\/media?parent=3"}],"curies":[{"name":"wp","href":"https:\/\/api.w.org\/{rel}","templated":true}]}}