{"id":33,"date":"2024-03-06T16:40:48","date_gmt":"2024-03-06T16:40:48","guid":{"rendered":"http:\/\/coaching-boutique.de\/willkommen\/?page_id=33"},"modified":"2024-03-10T11:08:40","modified_gmt":"2024-03-10T11:08:40","slug":"ueber","status":"publish","type":"page","link":"https:\/\/coaching-boutique.de\/willkommen\/ueber\/","title":{"rendered":"\u00dcber die Boutique"},"content":{"rendered":"\n<div class=\"wp-block-group is-layout-constrained wp-block-group-is-layout-constrained\" style=\"padding-top:var(--wp--preset--spacing--30);padding-right:var(--wp--preset--spacing--30);padding-bottom:var(--wp--preset--spacing--30);padding-left:var(--wp--preset--spacing--30)\">\n<p style=\"margin-top:var(--wp--preset--spacing--30);margin-right:var(--wp--preset--spacing--30);margin-bottom:var(--wp--preset--spacing--30);margin-left:var(--wp--preset--spacing--30);padding-top:var(--wp--preset--spacing--30);padding-right:var(--wp--preset--spacing--30);padding-bottom:var(--wp--preset--spacing--30);padding-left:var(--wp--preset--spacing--30);font-size:25px\">&#8222;Eine <strong>Boutique <\/strong>ist ein kleines Einzelhandelsgesch\u00e4ft, das sich durch seine <strong>spezialisierte Auswahl<\/strong> an Produkten und seinen <strong>Fokus auf Individualit\u00e4t und Exklusivit\u00e4t<\/strong> auszeichnet. [&#8230;] Der Begriff &#8222;Boutique&#8220; wird oft mit einem <strong>hohen Ma\u00df an Kundenservice<\/strong> und einer <strong>pers\u00f6nlichen <\/strong>Einkaufserfahrung assoziiert, wobei der Schwerpunkt auf der Bereitstellung <strong>individueller <\/strong>Beratung und ma\u00dfgeschneiderter L\u00f6sungen liegt.&#8220;<\/p>\n\n\n\n<p style=\"margin-top:var(--wp--preset--spacing--30);margin-right:var(--wp--preset--spacing--30);margin-bottom:var(--wp--preset--spacing--30);margin-left:var(--wp--preset--spacing--30);padding-top:var(--wp--preset--spacing--30);padding-right:var(--wp--preset--spacing--30);padding-bottom:var(--wp--preset--spacing--30);padding-left:var(--wp--preset--spacing--30);font-size:25px\">Soweit die Definition, die ChatGPT f\u00fcr eine Boutique vorschl\u00e4gt. Ersetzen wir hochwertige Mode, Accessoires &amp; Co. (was man \u00fcblicherweise in Boutiquen findet) durch professionelle, wissenschaftlich-fundierte Coaching-Methoden. Dann passt die Beschreibung sehr gut zu <strong>meinem Coaching-Verst\u00e4ndnis: Eine methodisch fundierte, individuelle Begleitung (nicht Beratung!). Voll und ganz orientiert an den Zielen und Anliegen meiner Coachees. Das k\u00f6nnen berufliche Wendepunkte sein, oder das Sortieren deiner Lebensthemen. <\/strong><\/p>\n\n\n\n<p class=\"has-heading-font-family is-layout-flow wp-block-paragraph-is-layout-flow\" style=\"margin-top:var(--wp--preset--spacing--30);margin-right:var(--wp--preset--spacing--30);margin-bottom:var(--wp--preset--spacing--30);margin-left:var(--wp--preset--spacing--30);padding-top:var(--wp--preset--spacing--30);padding-right:var(--wp--preset--spacing--30);padding-bottom:var(--wp--preset--spacing--30);padding-left:var(--wp--preset--spacing--30);font-size:25px;line-height:1.2\">Ich hei\u00dfe Niklas Berend, bin im Sommer 1989 geboren, im Hunsr\u00fcck aufgewachsen, lebe und arbeite seit 2016 in Berlin. In meiner beruflichen Karriere bei KPMG, Deloitte und Charit\u00e9 habe ich die Wirksamkeit von Coaching f\u00fcr verschiedenste Anliegen und Zielgruppen kennen und sch\u00e4tzen gelernt. <br><br>Die Quintessenz meiner T\u00e4tigkeit als Business Coach: G\u00f6nn\u00b4 Dir Zeit f\u00fcr Deine pers\u00f6nliche Entwicklung.  <br><br><strong>Willkommen in der Coaching-Boutique! <\/strong><\/p>\n\n\n\n<div class=\"wp-block-group is-horizontal is-content-justification-center is-layout-flex wp-container-core-group-layout-1 wp-block-group-is-layout-flex\" style=\"border-style:none;border-width:0px;min-height:100%;margin-top:var(--wp--preset--spacing--30);margin-bottom:var(--wp--preset--spacing--30);padding-top:var(--wp--preset--spacing--30);padding-right:var(--wp--preset--spacing--30);padding-bottom:var(--wp--preset--spacing--30);padding-left:var(--wp--preset--spacing--30)\">\n<figure class=\"wp-block-image size-large is-resized has-custom-border\"><img fetchpriority=\"high\" decoding=\"async\" width=\"1024\" height=\"683\" src=\"http:\/\/coaching-boutique.de\/wp-content\/uploads\/2024\/03\/Foto_Berend_Niklas_verkleinert-1024x683.png\" alt=\"\" class=\"wp-image-35\" style=\"border-style:none;border-width:0px;border-radius:10px;width:390px;height:auto\" srcset=\"https:\/\/coaching-boutique.de\/wp-content\/uploads\/2024\/03\/Foto_Berend_Niklas_verkleinert-1024x683.png 1024w, https:\/\/coaching-boutique.de\/wp-content\/uploads\/2024\/03\/Foto_Berend_Niklas_verkleinert-300x200.png 300w, https:\/\/coaching-boutique.de\/wp-content\/uploads\/2024\/03\/Foto_Berend_Niklas_verkleinert-768x512.png 768w, https:\/\/coaching-boutique.de\/wp-content\/uploads\/2024\/03\/Foto_Berend_Niklas_verkleinert-1536x1024.png 1536w, https:\/\/coaching-boutique.de\/wp-content\/uploads\/2024\/03\/Foto_Berend_Niklas_verkleinert-2048x1365.png 2048w\" sizes=\"(max-width: 1024px) 100vw, 1024px\" \/><\/figure>\n\n\n\n<figure class=\"wp-block-image size-full is-resized has-custom-border\"><img decoding=\"async\" width=\"3898\" height=\"1890\" src=\"https:\/\/coaching-boutique.de\/wp-content\/uploads\/2024\/03\/Logo_LPP_Certified-Coach_wei\u251c\u0192.png\" alt=\"\" class=\"wp-image-67\" style=\"border-style:none;border-width:0px;border-radius:0px;width:237px;height:auto\" srcset=\"https:\/\/coaching-boutique.de\/wp-content\/uploads\/2024\/03\/Logo_LPP_Certified-Coach_wei\u251c\u0192.png 3898w, https:\/\/coaching-boutique.de\/wp-content\/uploads\/2024\/03\/Logo_LPP_Certified-Coach_wei\u251c\u0192-300x145.png 300w, https:\/\/coaching-boutique.de\/wp-content\/uploads\/2024\/03\/Logo_LPP_Certified-Coach_wei\u251c\u0192-1024x497.png 1024w, https:\/\/coaching-boutique.de\/wp-content\/uploads\/2024\/03\/Logo_LPP_Certified-Coach_wei\u251c\u0192-768x372.png 768w, https:\/\/coaching-boutique.de\/wp-content\/uploads\/2024\/03\/Logo_LPP_Certified-Coach_wei\u251c\u0192-1536x745.png 1536w, https:\/\/coaching-boutique.de\/wp-content\/uploads\/2024\/03\/Logo_LPP_Certified-Coach_wei\u251c\u0192-2048x993.png 2048w\" sizes=\"(max-width: 3898px) 100vw, 3898px\" \/><\/figure>\n\n\n\n<figure class=\"wp-block-image size-full is-resized\"><img decoding=\"async\" width=\"1320\" height=\"453\" src=\"https:\/\/coaching-boutique.de\/wp-content\/uploads\/2024\/03\/ICFMemberLogo_Horizontal_FullColor.png\" alt=\"\" class=\"wp-image-73\" style=\"width:213px;height:auto\" srcset=\"https:\/\/coaching-boutique.de\/wp-content\/uploads\/2024\/03\/ICFMemberLogo_Horizontal_FullColor.png 1320w, https:\/\/coaching-boutique.de\/wp-content\/uploads\/2024\/03\/ICFMemberLogo_Horizontal_FullColor-300x103.png 300w, https:\/\/coaching-boutique.de\/wp-content\/uploads\/2024\/03\/ICFMemberLogo_Horizontal_FullColor-1024x351.png 1024w, https:\/\/coaching-boutique.de\/wp-content\/uploads\/2024\/03\/ICFMemberLogo_Horizontal_FullColor-768x264.png 768w\" sizes=\"(max-width: 1320px) 100vw, 1320px\" \/><\/figure>\n<\/div>\n<\/div>\n","protected":false},"excerpt":{"rendered":"<p>&#8222;Eine Boutique ist ein kleines Einzelhandelsgesch\u00e4ft, das sich durch seine spezialisierte Auswahl an Produkten und seinen Fokus auf Individualit\u00e4t und Exklusivit\u00e4t auszeichnet. [&#8230;] Der Begriff &#8222;Boutique&#8220; wird oft mit einem hohen Ma\u00df an Kundenservice und einer pers\u00f6nlichen Einkaufserfahrung assoziiert, wobei der Schwerpunkt auf der Bereitstellung individueller Beratung und ma\u00dfgeschneiderter L\u00f6sungen liegt.&#8220; Soweit die Definition, die [&hellip;]<\/p>\n","protected":false},"author":1,"featured_media":0,"parent":0,"menu_order":0,"comment_status":"closed","ping_status":"closed","template":"","meta":{"footnotes":""},"_links":{"self":[{"href":"https:\/\/coaching-boutique.de\/willkommen\/wp-json\/wp\/v2\/pages\/33"}],"collection":[{"href":"https:\/\/coaching-boutique.de\/willkommen\/wp-json\/wp\/v2\/pages"}],"about":[{"href":"https:\/\/coaching-boutique.de\/willkommen\/wp-json\/wp\/v2\/types\/page"}],"author":[{"embeddable":true,"href":"https:\/\/coaching-boutique.de\/willkommen\/wp-json\/wp\/v2\/users\/1"}],"replies":[{"embeddable":true,"href":"https:\/\/coaching-boutique.de\/willkommen\/wp-json\/wp\/v2\/comments?post=33"}],"version-history":[{"count":14,"href":"https:\/\/coaching-boutique.de\/willkommen\/wp-json\/wp\/v2\/pages\/33\/revisions"}],"predecessor-version":[{"id":165,"href":"https:\/\/coaching-boutique.de\/willkommen\/wp-json\/wp\/v2\/pages\/33\/revisions\/165"}],"wp:attachment":[{"href":"https:\/\/coaching-boutique.de\/willkommen\/wp-json\/wp\/v2\/media?parent=33"}],"curies":[{"name":"wp","href":"https:\/\/api.w.org\/{rel}","templated":true}]}}