{"id":82,"date":"2024-03-07T11:58:32","date_gmt":"2024-03-07T11:58:32","guid":{"rendered":"https:\/\/coaching-boutique.de\/willkommen\/?page_id=82"},"modified":"2024-03-20T07:34:47","modified_gmt":"2024-03-20T07:34:47","slug":"impressum","status":"publish","type":"page","link":"https:\/\/coaching-boutique.de\/willkommen\/impressum\/","title":{"rendered":"Impressum"},"content":{"rendered":"\n<div class=\"wp-block-group is-layout-constrained wp-block-group-is-layout-constrained\" style=\"font-size:12px\">\n<p>Angaben gem\u00e4\u00df \u00a7 5 TMG<\/p>\n\n\n\n<p class=\"has-small-font-size\">NB | Coaching<br>Niklas Berend<br>T\u00fcbinger Stra\u00dfe 8<br>10715 Berlin<br>0170 \u2013 9250781<br>anliegen@niklas-berend.de<\/p>\n\n\n\n<p class=\"has-small-font-size\"><strong>Inhaltlich Verantwortlicher<\/strong><\/p>\n\n\n\n<p class=\"has-small-font-size\">Niklas Berend<\/p>\n\n\n\n<h3 class=\"wp-block-heading has-small-font-size\">EU-Streitschlichtung<\/h3>\n\n\n\n<p class=\"has-small-font-size\">Die Europ\u00e4ische Kommission stellt eine Plattform zur Online-Streitbeilegung (OS) bereit, abrufbar unter:&nbsp;<a rel=\"noreferrer noopener\" href=\"https:\/\/ec.europa.eu\/consumers\/odr\/\" target=\"_blank\">https:\/\/ec.europa.eu\/consumers\/odr\/<\/a>.<br>Meine E-Mail-Adresse finden Sie obenstehend im Impressum.<\/p>\n\n\n\n<h3 class=\"wp-block-heading has-small-font-size\">Verbraucher\u00adstreit\u00adbeilegung \/ Universal\u00adschlichtungs\u00adstelle<\/h3>\n\n\n\n<p class=\"has-small-font-size\">Ich bin nicht bereit oder verpflichtet, an Streitbeilegungsverfahren vor einer Verbraucherschlichtungsstelle teilzunehmen.<\/p>\n\n\n\n<p class=\"has-small-font-size\"><strong>Bildnachweise<\/strong><\/p>\n\n\n\n<p class=\"has-white-color has-text-color has-link-color wp-elements-d27b0877690a26997d835f704f9e36b8\"><a href=\"https:\/\/www.flaticon.com\/de\/kostenlose-icons\/instagram-logo\" target=\"_blank\" rel=\"noreferrer noopener\">Instagram-logo Icons erstellt von Pixel perfect &#8211; Flaticon<\/a><\/p>\n\n\n\n<p class=\"has-white-color has-text-color has-link-color wp-elements-1304086c768ec9906aa08c009531f4e4\"><a href=\"https:\/\/www.flaticon.com\/de\/kostenlose-icons\/linkedin\" target=\"_blank\" rel=\"noreferrer noopener\">Linkedin Icons erstellt von riajulislam &#8211; Flaticon<\/a><\/p>\n\n\n\n<p class=\"has-white-color has-text-color has-link-color wp-elements-f213cde4d1ddedbcc161f3a438658eac\"><a href=\"https:\/\/www.flaticon.com\/de\/kostenlose-icons\/mail\" target=\"_blank\" rel=\"noreferrer noopener\">Mail Icons erstellt von Karacis &#8211; Flaticon<\/a><\/p>\n\n\n\n<p class=\"has-white-color has-text-color has-link-color wp-elements-a003007a41dd0c47bc626c20a69e6fbd\">Video von Polina Tankilevitch: https:\/\/www.pexels.com\/de-de\/video\/frauen-sitzung-teenager-professionell-5234724\/<\/p>\n\n\n\n<p class=\"has-small-font-size\"><strong>Hinweis<\/strong><\/p>\n\n\n\n<p class=\"has-small-font-size\">Die Inhalte meiner Webseite sind mit gr\u00f6\u00dfter Sorgfalt erstellt. F\u00fcr den Inhalt verlinkter Seiten sind ausschlie\u00dflich deren Betreiber verantwortlich.<br>Die auf meiner Webseite ver\u00f6ffentlichten Inhalte sind rechtlich gesch\u00fctzt. Jedwede Verwendung bedarf meiner vorherigen schriftlichen Zustimmung und\/oder der Zustimmung des jeweiligen Rechteinhabers.<\/p>\n<\/div>\n","protected":false},"excerpt":{"rendered":"<p>Angaben gem\u00e4\u00df \u00a7 5 TMG NB | CoachingNiklas BerendT\u00fcbinger Stra\u00dfe 810715 Berlin0170 \u2013 9250781anliegen@niklas-berend.de Inhaltlich Verantwortlicher Niklas Berend EU-Streitschlichtung Die Europ\u00e4ische Kommission stellt eine Plattform zur Online-Streitbeilegung (OS) bereit, abrufbar unter:&nbsp;https:\/\/ec.europa.eu\/consumers\/odr\/.Meine E-Mail-Adresse finden Sie obenstehend im Impressum. Verbraucher\u00adstreit\u00adbeilegung \/ Universal\u00adschlichtungs\u00adstelle Ich bin nicht bereit oder verpflichtet, an Streitbeilegungsverfahren vor einer Verbraucherschlichtungsstelle teilzunehmen. Bildnachweise Instagram-logo Icons [&hellip;]<\/p>\n","protected":false},"author":1,"featured_media":0,"parent":0,"menu_order":0,"comment_status":"closed","ping_status":"closed","template":"","meta":{"footnotes":""},"_links":{"self":[{"href":"https:\/\/coaching-boutique.de\/willkommen\/wp-json\/wp\/v2\/pages\/82"}],"collection":[{"href":"https:\/\/coaching-boutique.de\/willkommen\/wp-json\/wp\/v2\/pages"}],"about":[{"href":"https:\/\/coaching-boutique.de\/willkommen\/wp-json\/wp\/v2\/types\/page"}],"author":[{"embeddable":true,"href":"https:\/\/coaching-boutique.de\/willkommen\/wp-json\/wp\/v2\/users\/1"}],"replies":[{"embeddable":true,"href":"https:\/\/coaching-boutique.de\/willkommen\/wp-json\/wp\/v2\/comments?post=82"}],"version-history":[{"count":3,"href":"https:\/\/coaching-boutique.de\/willkommen\/wp-json\/wp\/v2\/pages\/82\/revisions"}],"predecessor-version":[{"id":227,"href":"https:\/\/coaching-boutique.de\/willkommen\/wp-json\/wp\/v2\/pages\/82\/revisions\/227"}],"wp:attachment":[{"href":"https:\/\/coaching-boutique.de\/willkommen\/wp-json\/wp\/v2\/media?parent=82"}],"curies":[{"name":"wp","href":"https:\/\/api.w.org\/{rel}","templated":true}]}}